{"id":2,"date":"2024-07-03T15:20:42","date_gmt":"2024-07-03T13:20:42","guid":{"rendered":"http:\/\/mb-meyer-bau.de\/Wordpress\/?page_id=2"},"modified":"2024-08-06T15:13:53","modified_gmt":"2024-08-06T13:13:53","slug":"beispiel-seite","status":"publish","type":"page","link":"https:\/\/mb-meyer-bau.de\/Wordpress\/","title":{"rendered":"Startseite"},"content":{"rendered":"\n<p><\/p>\n\n\n\n<div class=\"wp-block-columns alignwide is-layout-flex wp-container-core-columns-is-layout-d2da2050 wp-block-columns-is-layout-flex\" style=\"margin-bottom:0\">\n<div class=\"wp-block-column has-text-color has-background has-link-color wp-elements-f80e459f4d31acc354c80381c806f7c1 is-layout-flow wp-block-column-is-layout-flow\" style=\"color:#000000;background-color:#e4e4e4;padding-top:2em;padding-right:2em;padding-bottom:2em;padding-left:2em\">\n<h4 class=\"wp-block-heading has-kenta-base-100-color has-text-color has-link-color wp-elements-8425dbf93f2e3df36d21aad4fb71e6f0\"><strong>Beton- und Stahlbetonarbeiten<\/strong><\/h4>\n\n\n\n<figure class=\"wp-block-image size-full\"><img loading=\"lazy\" decoding=\"async\" width=\"2560\" height=\"1920\" src=\"https:\/\/mb-meyer-bau.de\/Wordpress\/wp-content\/uploads\/2024\/07\/20181002_154719-scaled.jpg\" alt=\"\" class=\"wp-image-99\" srcset=\"https:\/\/mb-meyer-bau.de\/Wordpress\/wp-content\/uploads\/2024\/07\/20181002_154719-scaled.jpg 2560w, https:\/\/mb-meyer-bau.de\/Wordpress\/wp-content\/uploads\/2024\/07\/20181002_154719-300x225.jpg 300w, https:\/\/mb-meyer-bau.de\/Wordpress\/wp-content\/uploads\/2024\/07\/20181002_154719-1024x768.jpg 1024w, https:\/\/mb-meyer-bau.de\/Wordpress\/wp-content\/uploads\/2024\/07\/20181002_154719-768x576.jpg 768w, https:\/\/mb-meyer-bau.de\/Wordpress\/wp-content\/uploads\/2024\/07\/20181002_154719-1536x1152.jpg 1536w, https:\/\/mb-meyer-bau.de\/Wordpress\/wp-content\/uploads\/2024\/07\/20181002_154719-2048x1536.jpg 2048w\" sizes=\"auto, (max-width: 2560px) 100vw, 2560px\" \/><\/figure>\n\n\n\n<p>Pr\u00e4zise und schnelle Umsetzung Ihrer Innenausbauprojekte f\u00fcr ein perfektes Raumkonzept.<\/p>\n\n\n\n<p><a href=\"https:\/\/mb-meyer-bau.de\/Wordpress\/leistungen\/#Stahlarbeiten\" data-type=\"page\" data-id=\"54\">mehr erfahren<\/a><\/p>\n<\/div>\n\n\n\n<div class=\"wp-block-column has-text-color has-background has-link-color wp-elements-e2c10efe68e88a62702ad4af7a46e0b0 is-layout-flow wp-block-column-is-layout-flow\" style=\"color:#000000;background-color:#e4e4e4;padding-top:2em;padding-right:2em;padding-bottom:2em;padding-left:2em\">\n<h4 class=\"wp-block-heading has-kenta-base-100-color has-text-color has-link-color wp-elements-b488e605edcb15eea8d14562aaf0bb99\"><strong>Erstellung von Bodenplatten<\/strong><\/h4>\n\n\n\n<figure class=\"wp-block-image size-full\"><img loading=\"lazy\" decoding=\"async\" width=\"1728\" height=\"2304\" src=\"https:\/\/mb-meyer-bau.de\/Wordpress\/wp-content\/uploads\/2024\/08\/IMG_20191021_125500.jpg\" alt=\"\" class=\"wp-image-107\" srcset=\"https:\/\/mb-meyer-bau.de\/Wordpress\/wp-content\/uploads\/2024\/08\/IMG_20191021_125500.jpg 1728w, https:\/\/mb-meyer-bau.de\/Wordpress\/wp-content\/uploads\/2024\/08\/IMG_20191021_125500-225x300.jpg 225w, https:\/\/mb-meyer-bau.de\/Wordpress\/wp-content\/uploads\/2024\/08\/IMG_20191021_125500-768x1024.jpg 768w, https:\/\/mb-meyer-bau.de\/Wordpress\/wp-content\/uploads\/2024\/08\/IMG_20191021_125500-1152x1536.jpg 1152w, https:\/\/mb-meyer-bau.de\/Wordpress\/wp-content\/uploads\/2024\/08\/IMG_20191021_125500-1536x2048.jpg 1536w\" sizes=\"auto, (max-width: 1728px) 100vw, 1728px\" \/><\/figure>\n\n\n\n<p>Pr\u00e4zise ausgef\u00fchrte Bodenplatten als Fundament f\u00fcr Ihre Bauvorhaben.<\/p>\n\n\n\n<p><a href=\"https:\/\/mb-meyer-bau.de\/Wordpress\/leistungen\/#Bodenplatten\" data-type=\"page\" data-id=\"54\">mehr erfahren<\/a><\/p>\n<\/div>\n\n\n\n<div class=\"wp-block-column has-text-color has-background has-link-color wp-elements-94d406b4ef4433882ac2c60329a69eb6 is-layout-flow wp-block-column-is-layout-flow\" style=\"color:#000000;background-color:#e4e4e4;padding-top:2em;padding-right:2em;padding-bottom:2em;padding-left:2em\">\n<h4 class=\"wp-block-heading has-kenta-base-100-color has-text-color has-link-color wp-elements-ddb898ee2dc63002f4ba449281a780a8\"><strong><strong>Au\u00dfenrenovierungen<\/strong><\/strong><\/h4>\n\n\n\n<figure class=\"wp-block-image size-full\"><img loading=\"lazy\" decoding=\"async\" width=\"2560\" height=\"1920\" src=\"http:\/\/mb-meyer-bau.de\/Wordpress\/wp-content\/uploads\/2024\/07\/IMG_20191111_093215-scaled.jpg\" alt=\"\" class=\"wp-image-102\" srcset=\"https:\/\/mb-meyer-bau.de\/Wordpress\/wp-content\/uploads\/2024\/07\/IMG_20191111_093215-scaled.jpg 2560w, https:\/\/mb-meyer-bau.de\/Wordpress\/wp-content\/uploads\/2024\/07\/IMG_20191111_093215-300x225.jpg 300w, https:\/\/mb-meyer-bau.de\/Wordpress\/wp-content\/uploads\/2024\/07\/IMG_20191111_093215-1024x768.jpg 1024w, https:\/\/mb-meyer-bau.de\/Wordpress\/wp-content\/uploads\/2024\/07\/IMG_20191111_093215-768x576.jpg 768w, https:\/\/mb-meyer-bau.de\/Wordpress\/wp-content\/uploads\/2024\/07\/IMG_20191111_093215-1536x1152.jpg 1536w, https:\/\/mb-meyer-bau.de\/Wordpress\/wp-content\/uploads\/2024\/07\/IMG_20191111_093215-2048x1536.jpg 2048w\" sizes=\"auto, (max-width: 2560px) 100vw, 2560px\" \/><\/figure>\n\n\n\n<p>Verleihen Sie Ihrem Zuhause neuen Glanz mit unseren hochwertigen Au\u00dfenrenovierungs-Dienstleistungen.<\/p>\n\n\n\n<p><a href=\"https:\/\/mb-meyer-bau.de\/Wordpress\/leistungen\/#Aussenrenovierungen\" data-type=\"page\" data-id=\"54\">mehr erfahren<\/a><\/p>\n<\/div>\n<\/div>\n\n\n\n<p><\/p>\n\n\n\n<p><\/p>\n\n\n\n<div class=\"wp-block-columns alignwide is-layout-flex wp-container-core-columns-is-layout-d2da2050 wp-block-columns-is-layout-flex\" style=\"margin-bottom:0\">\n<div class=\"wp-block-column has-text-color has-background has-link-color wp-elements-66611b31b828ed4da13012f96c6610da is-layout-flow wp-block-column-is-layout-flow\" style=\"color:#000000;background-color:#e4e4e4;padding-top:2em;padding-right:2em;padding-bottom:2em;padding-left:2em\">\n<h4 class=\"wp-block-heading has-kenta-base-100-color has-text-color has-link-color wp-elements-ba9db048bc09f996c2b20f078642d02d\"><strong>Maurerarbeiten<\/strong><\/h4>\n\n\n\n<figure class=\"wp-block-image size-full\"><img loading=\"lazy\" decoding=\"async\" width=\"1024\" height=\"1024\" src=\"http:\/\/mb-meyer-bau.de\/Wordpress\/wp-content\/uploads\/2024\/07\/Maurer.jpg\" alt=\"\" class=\"wp-image-37\" srcset=\"https:\/\/mb-meyer-bau.de\/Wordpress\/wp-content\/uploads\/2024\/07\/Maurer.jpg 1024w, https:\/\/mb-meyer-bau.de\/Wordpress\/wp-content\/uploads\/2024\/07\/Maurer-300x300.jpg 300w, https:\/\/mb-meyer-bau.de\/Wordpress\/wp-content\/uploads\/2024\/07\/Maurer-150x150.jpg 150w, https:\/\/mb-meyer-bau.de\/Wordpress\/wp-content\/uploads\/2024\/07\/Maurer-768x768.jpg 768w\" sizes=\"auto, (max-width: 1024px) 100vw, 1024px\" \/><\/figure>\n\n\n\n<p>Zuverl\u00e4ssige und pr\u00e4zise Ausf\u00fchrung aller Arten von Mauerarbeiten f\u00fcr stabile und dauerhafte Bauwerke.<\/p>\n\n\n\n<p><a href=\"https:\/\/mb-meyer-bau.de\/Wordpress\/leistungen\/#Maurerarbeiten\" data-type=\"page\" data-id=\"54\">mehr erfahren<\/a><\/p>\n<\/div>\n\n\n\n<div class=\"wp-block-column has-text-color has-background has-link-color wp-elements-f4048a3817f7ece37ddb63b68eb29ddb is-layout-flow wp-block-column-is-layout-flow\" style=\"color:#000000;background-color:#e4e4e4;padding-top:2em;padding-right:2em;padding-bottom:2em;padding-left:2em\">\n<h4 class=\"wp-block-heading has-kenta-base-100-color has-text-color has-link-color wp-elements-aa1e6649d939a2a4fcdabf9eecf91e40\"><strong>Hausbau<\/strong><\/h4>\n\n\n\n<figure class=\"wp-block-image size-full\"><img loading=\"lazy\" decoding=\"async\" width=\"1024\" height=\"1024\" src=\"http:\/\/mb-meyer-bau.de\/Wordpress\/wp-content\/uploads\/2024\/07\/Hausbau-1.png\" alt=\"\" class=\"wp-image-32\" srcset=\"https:\/\/mb-meyer-bau.de\/Wordpress\/wp-content\/uploads\/2024\/07\/Hausbau-1.png 1024w, https:\/\/mb-meyer-bau.de\/Wordpress\/wp-content\/uploads\/2024\/07\/Hausbau-1-300x300.png 300w, https:\/\/mb-meyer-bau.de\/Wordpress\/wp-content\/uploads\/2024\/07\/Hausbau-1-150x150.png 150w, https:\/\/mb-meyer-bau.de\/Wordpress\/wp-content\/uploads\/2024\/07\/Hausbau-1-768x768.png 768w\" sizes=\"auto, (max-width: 1024px) 100vw, 1024px\" \/><\/figure>\n\n\n\n<p>Wir realisieren Ihren Traum vom Eigenheim mit ma\u00dfgeschneiderten L\u00f6sungen und qualitativ hochwertigem Handwerk.<\/p>\n\n\n\n<p><a href=\"https:\/\/mb-meyer-bau.de\/Wordpress\/leistungen\/#Hausbau\" data-type=\"page\" data-id=\"54\">mehr erfahren<\/a><\/p>\n<\/div>\n\n\n\n<div class=\"wp-block-column has-text-color has-background has-link-color wp-elements-00679da195415ee4ad6c26667f98114b is-layout-flow wp-block-column-is-layout-flow\" style=\"color:#000000;background-color:#e4e4e4;padding-top:2em;padding-right:2em;padding-bottom:2em;padding-left:2em\">\n<h4 class=\"wp-block-heading has-kenta-base-100-color has-text-color has-link-color wp-elements-ba61425e7f20d5867ac5ef7ba5975046\"><strong>Hochbau<\/strong><\/h4>\n\n\n\n<figure class=\"wp-block-image size-full\"><img loading=\"lazy\" decoding=\"async\" width=\"1024\" height=\"1024\" src=\"http:\/\/mb-meyer-bau.de\/Wordpress\/wp-content\/uploads\/2024\/07\/Hochbau-1.png\" alt=\"\" class=\"wp-image-33\" srcset=\"https:\/\/mb-meyer-bau.de\/Wordpress\/wp-content\/uploads\/2024\/07\/Hochbau-1.png 1024w, https:\/\/mb-meyer-bau.de\/Wordpress\/wp-content\/uploads\/2024\/07\/Hochbau-1-300x300.png 300w, https:\/\/mb-meyer-bau.de\/Wordpress\/wp-content\/uploads\/2024\/07\/Hochbau-1-150x150.png 150w, https:\/\/mb-meyer-bau.de\/Wordpress\/wp-content\/uploads\/2024\/07\/Hochbau-1-768x768.png 768w\" sizes=\"auto, (max-width: 1024px) 100vw, 1024px\" \/><\/figure>\n\n\n\n<p>Wir realisieren anspruchsvolle Bauprojekte mit Expertise und Pr\u00e4zision f\u00fcr eine nachhaltige und moderne Bauweise.<\/p>\n\n\n\n<p><a href=\"https:\/\/mb-meyer-bau.de\/Wordpress\/leistungen\/#Hochbau\" data-type=\"page\" data-id=\"54\">mehr erfahren<\/a><\/p>\n<\/div>\n<\/div>\n\n\n\n<p><\/p>\n\n\n\n<div class=\"wp-block-columns alignwide is-layout-flex wp-container-core-columns-is-layout-d2da2050 wp-block-columns-is-layout-flex\" style=\"margin-bottom:0\">\n<div class=\"wp-block-column has-text-color has-link-color wp-elements-6d97f61d807c02659723f970d6b2b5a7 is-layout-flow wp-block-column-is-layout-flow\" style=\"color:#000000;padding-top:2em;padding-right:2em;padding-bottom:2em;padding-left:2em\">\n<h4 class=\"wp-block-heading has-kenta-base-100-color has-text-color has-link-color wp-elements-a31f01834e8aa9e530d32e92cbc2bf36\"><\/h4>\n\n\n\n<p><\/p>\n<\/div>\n\n\n\n<div class=\"wp-block-column has-text-color has-background has-link-color wp-elements-b499cd7cb277c21a22dfe5f94d94dbda is-layout-flow wp-block-column-is-layout-flow\" style=\"color:#000000;background-color:#e4e4e4;padding-top:2em;padding-right:2em;padding-bottom:2em;padding-left:2em\">\n<h4 class=\"wp-block-heading has-kenta-base-100-color has-text-color has-link-color wp-elements-8a1421c6a008a7b99c5d8332cccc8067\"><strong>Industriebau<\/strong><\/h4>\n\n\n\n<figure class=\"wp-block-image size-full\"><img loading=\"lazy\" decoding=\"async\" width=\"2560\" height=\"1920\" src=\"https:\/\/mb-meyer-bau.de\/Wordpress\/wp-content\/uploads\/2024\/08\/IMG_20240621_173740-scaled.jpg\" alt=\"\" class=\"wp-image-110\" srcset=\"https:\/\/mb-meyer-bau.de\/Wordpress\/wp-content\/uploads\/2024\/08\/IMG_20240621_173740-scaled.jpg 2560w, https:\/\/mb-meyer-bau.de\/Wordpress\/wp-content\/uploads\/2024\/08\/IMG_20240621_173740-300x225.jpg 300w, https:\/\/mb-meyer-bau.de\/Wordpress\/wp-content\/uploads\/2024\/08\/IMG_20240621_173740-1024x768.jpg 1024w, https:\/\/mb-meyer-bau.de\/Wordpress\/wp-content\/uploads\/2024\/08\/IMG_20240621_173740-768x576.jpg 768w, https:\/\/mb-meyer-bau.de\/Wordpress\/wp-content\/uploads\/2024\/08\/IMG_20240621_173740-1536x1152.jpg 1536w, https:\/\/mb-meyer-bau.de\/Wordpress\/wp-content\/uploads\/2024\/08\/IMG_20240621_173740-2048x1536.jpg 2048w\" sizes=\"auto, (max-width: 2560px) 100vw, 2560px\" \/><\/figure>\n\n\n\n<p>Zuverl\u00e4ssige und innovative L\u00f6sungen f\u00fcr Ihre industriellen Bauprojekte.<\/p>\n\n\n\n<p><a href=\"https:\/\/mb-meyer-bau.de\/Wordpress\/leistungen\/#Industriebau\" data-type=\"page\" data-id=\"54\">mehr erfahren<\/a><\/p>\n<\/div>\n\n\n\n<div class=\"wp-block-column has-text-color has-link-color wp-elements-6d97f61d807c02659723f970d6b2b5a7 is-layout-flow wp-block-column-is-layout-flow\" style=\"color:#000000;padding-top:2em;padding-right:2em;padding-bottom:2em;padding-left:2em\">\n<h4 class=\"wp-block-heading has-kenta-base-100-color has-text-color has-link-color wp-elements-a31f01834e8aa9e530d32e92cbc2bf36\"><\/h4>\n\n\n\n<p><\/p>\n<\/div>\n<\/div>\n\n\n\n<p><\/p>\n\n\n\n<br><br><br>\n","protected":false},"excerpt":{"rendered":"<p>Beton- und Stahlbetonarbeiten Pr\u00e4zise und schnelle Umsetzung Ihrer Innenausbauprojekte f\u00fcr ein perfektes Raumkonzept. mehr erfahren Erstellung von Bodenplatten Pr\u00e4zise ausgef\u00fchrte Bodenplatten als Fundament f\u00fcr Ihre Bauvorhaben. mehr erfahren Au\u00dfenrenovierungen Verleihen Sie Ihrem Zuhause neuen Glanz mit unseren hochwertigen Au\u00dfenrenovierungs-Dienstleistungen. mehr erfahren Maurerarbeiten Zuverl\u00e4ssige und pr\u00e4zise Ausf\u00fchrung aller Arten von Mauerarbeiten f\u00fcr stabile und dauerhafte Bauwerke. [&hellip;]<\/p>\n","protected":false},"author":1,"featured_media":0,"parent":0,"menu_order":0,"comment_status":"closed","ping_status":"open","template":"","meta":{"site-container-style":"default","site-container-layout":"default","site-sidebar-layout":"default","site-transparent-header":"default","prose-style":"enable","disable-article-header":"default","disable-site-header":"default","disable-site-footer":"default","disable-content-area-spacing":"default","footnotes":""},"class_list":["post-2","page","type-page","status-publish","hentry"],"_links":{"self":[{"href":"https:\/\/mb-meyer-bau.de\/Wordpress\/wp-json\/wp\/v2\/pages\/2","targetHints":{"allow":["GET"]}}],"collection":[{"href":"https:\/\/mb-meyer-bau.de\/Wordpress\/wp-json\/wp\/v2\/pages"}],"about":[{"href":"https:\/\/mb-meyer-bau.de\/Wordpress\/wp-json\/wp\/v2\/types\/page"}],"author":[{"embeddable":true,"href":"https:\/\/mb-meyer-bau.de\/Wordpress\/wp-json\/wp\/v2\/users\/1"}],"replies":[{"embeddable":true,"href":"https:\/\/mb-meyer-bau.de\/Wordpress\/wp-json\/wp\/v2\/comments?post=2"}],"version-history":[{"count":24,"href":"https:\/\/mb-meyer-bau.de\/Wordpress\/wp-json\/wp\/v2\/pages\/2\/revisions"}],"predecessor-version":[{"id":122,"href":"https:\/\/mb-meyer-bau.de\/Wordpress\/wp-json\/wp\/v2\/pages\/2\/revisions\/122"}],"wp:attachment":[{"href":"https:\/\/mb-meyer-bau.de\/Wordpress\/wp-json\/wp\/v2\/media?parent=2"}],"curies":[{"name":"wp","href":"https:\/\/api.w.org\/{rel}","templated":true}]}}