{"id":54,"date":"2024-07-04T14:46:55","date_gmt":"2024-07-04T12:46:55","guid":{"rendered":"http:\/\/mb-meyer-bau.de\/Wordpress\/?page_id=54"},"modified":"2024-08-06T15:08:37","modified_gmt":"2024-08-06T13:08:37","slug":"leistungen","status":"publish","type":"page","link":"https:\/\/mb-meyer-bau.de\/Wordpress\/leistungen\/","title":{"rendered":"Leistungen"},"content":{"rendered":"\n<p><\/p>\n\n\n\n<div class=\"wp-block-media-text is-stacked-on-mobile has-kenta-base-100-color has-text-color has-background\" style=\"background-color:#f0f0f0;grid-template-columns:27% auto\" id=\"Stahlarbeiten\"><figure class=\"wp-block-media-text__media\"><img loading=\"lazy\" decoding=\"async\" width=\"1024\" height=\"768\" src=\"http:\/\/mb-meyer-bau.de\/Wordpress\/wp-content\/uploads\/2024\/07\/20181002_154719-1024x768.jpg\" alt=\"\" class=\"wp-image-99 size-full\" srcset=\"https:\/\/mb-meyer-bau.de\/Wordpress\/wp-content\/uploads\/2024\/07\/20181002_154719-1024x768.jpg 1024w, https:\/\/mb-meyer-bau.de\/Wordpress\/wp-content\/uploads\/2024\/07\/20181002_154719-300x225.jpg 300w, https:\/\/mb-meyer-bau.de\/Wordpress\/wp-content\/uploads\/2024\/07\/20181002_154719-768x576.jpg 768w, https:\/\/mb-meyer-bau.de\/Wordpress\/wp-content\/uploads\/2024\/07\/20181002_154719-1536x1152.jpg 1536w, https:\/\/mb-meyer-bau.de\/Wordpress\/wp-content\/uploads\/2024\/07\/20181002_154719-2048x1536.jpg 2048w\" sizes=\"auto, (max-width: 1024px) 100vw, 1024px\" \/><\/figure><div class=\"wp-block-media-text__content\">\n<p class=\"has-kenta-base-100-color has-text-color has-link-color wp-elements-1825d5068f711450203d7820e1168fba\" style=\"font-style:normal;font-weight:700\">Beton- und Stahlbetonarbeiten<\/p>\n\n\n\n<p class=\"has-kenta-base-100-color has-text-color has-link-color wp-elements-ffe6d95c3176a8aff9819f0a709ceffd\">Unsere Beton- und Stahlbetonarbeiten stehen f\u00fcr h\u00f6chste Qualit\u00e4t und Zuverl\u00e4ssigkeit. Wir setzen auf moderne Techniken und erstklassige Materialien, um stabile und langlebige Bauwerke zu schaffen. Egal, ob es sich um Fundamente, W\u00e4nde, Decken oder andere tragende Strukturen handelt \u2013 unser erfahrenes Team sorgt f\u00fcr eine pr\u00e4zise Ausf\u00fchrung und eine termingerechte Fertigstellung. Vertrauen Sie auf unsere Expertise f\u00fcr Ihr Bauprojekt.<\/p>\n<\/div><\/div>\n\n\n\n<div class=\"wp-block-media-text has-media-on-the-right is-stacked-on-mobile has-kenta-base-100-color has-text-color has-background\" style=\"background-color:#f0f0f0;margin-top:var(--wp--preset--spacing--60);margin-bottom:var(--wp--preset--spacing--60);grid-template-columns:auto 19%\" id=\"Bodenplatten\"><div class=\"wp-block-media-text__content\">\n<p class=\"has-kenta-base-100-color has-text-color has-link-color wp-elements-b8b930cfc011b5da02f11d87d04c9498\" style=\"font-style:normal;font-weight:700\">Erstellung von Bodenplatten<\/p>\n\n\n\n<p class=\"has-kenta-base-100-color has-text-color has-link-color wp-elements-dcf23bd34b1c1075e092471a3d7c9918\">Unsere Expertise in der Erstellung von Bodenplatten sorgt f\u00fcr ein stabiles Fundament Ihres Bauprojekts. Wir verwenden pr\u00e4zise Techniken und hochwertige Materialien, um eine solide Basis zu schaffen, die den h\u00f6chsten Standards entspricht. Ob f\u00fcr Wohnh\u00e4user, Gewerbegeb\u00e4ude oder Industrieanlagen \u2013 wir bieten ma\u00dfgeschneiderte L\u00f6sungen, die auf Ihre spezifischen Bed\u00fcrfnisse abgestimmt sind.<\/p>\n<\/div><figure class=\"wp-block-media-text__media\"><img loading=\"lazy\" decoding=\"async\" width=\"768\" height=\"1024\" src=\"http:\/\/mb-meyer-bau.de\/Wordpress\/wp-content\/uploads\/2024\/08\/IMG_20191021_125500-768x1024.jpg\" alt=\"\" class=\"wp-image-107 size-full\" srcset=\"https:\/\/mb-meyer-bau.de\/Wordpress\/wp-content\/uploads\/2024\/08\/IMG_20191021_125500-768x1024.jpg 768w, https:\/\/mb-meyer-bau.de\/Wordpress\/wp-content\/uploads\/2024\/08\/IMG_20191021_125500-225x300.jpg 225w, https:\/\/mb-meyer-bau.de\/Wordpress\/wp-content\/uploads\/2024\/08\/IMG_20191021_125500-1152x1536.jpg 1152w, https:\/\/mb-meyer-bau.de\/Wordpress\/wp-content\/uploads\/2024\/08\/IMG_20191021_125500-1536x2048.jpg 1536w, https:\/\/mb-meyer-bau.de\/Wordpress\/wp-content\/uploads\/2024\/08\/IMG_20191021_125500.jpg 1728w\" sizes=\"auto, (max-width: 768px) 100vw, 768px\" \/><\/figure><\/div>\n\n\n\n<div class=\"wp-block-media-text is-stacked-on-mobile has-kenta-base-100-color has-text-color has-background\" style=\"background-color:#f0f0f0;margin-top:var(--wp--preset--spacing--60);margin-bottom:var(--wp--preset--spacing--60);padding-top:0;padding-bottom:0;grid-template-columns:25% auto\" id=\"Maurerarbeiten\"><figure class=\"wp-block-media-text__media\"><img loading=\"lazy\" decoding=\"async\" width=\"1024\" height=\"1024\" src=\"http:\/\/mb-meyer-bau.de\/Wordpress\/wp-content\/uploads\/2024\/07\/Maurer.jpg\" alt=\"\" class=\"wp-image-37 size-full\" srcset=\"https:\/\/mb-meyer-bau.de\/Wordpress\/wp-content\/uploads\/2024\/07\/Maurer.jpg 1024w, https:\/\/mb-meyer-bau.de\/Wordpress\/wp-content\/uploads\/2024\/07\/Maurer-300x300.jpg 300w, https:\/\/mb-meyer-bau.de\/Wordpress\/wp-content\/uploads\/2024\/07\/Maurer-150x150.jpg 150w, https:\/\/mb-meyer-bau.de\/Wordpress\/wp-content\/uploads\/2024\/07\/Maurer-768x768.jpg 768w\" sizes=\"auto, (max-width: 1024px) 100vw, 1024px\" \/><\/figure><div class=\"wp-block-media-text__content\">\n<p class=\"has-kenta-base-100-color has-text-color has-link-color wp-elements-c856c89c3345fe794c4c0899206e368d\" style=\"font-style:normal;font-weight:700\">Maurerarbeiten<\/p>\n\n\n\n<p class=\"has-kenta-base-100-color has-text-color has-link-color wp-elements-a2325972f21418188c6a054ff07d9e74\">Unsere Maurerarbeiten stehen f\u00fcr handwerkliche Pr\u00e4zision und Zuverl\u00e4ssigkeit. Wir bieten ein breites Spektrum an Leistungen, von Neubauten bis zu Sanierungsprojekten. Unser erfahrenes Team garantiert Ihnen hochwertige Arbeit, die auf Ihre spezifischen Bed\u00fcrfnisse zugeschnitten ist. Ob es um Mauerwerksarbeiten, Reparaturen oder Restaurierungen geht \u2013 wir setzen auf Qualit\u00e4t und Fachkenntnis, um Ihre Bauvorhaben erfolgreich umzusetzen.<\/p>\n<\/div><\/div>\n\n\n\n<div class=\"wp-block-media-text has-media-on-the-right is-stacked-on-mobile has-kenta-base-100-color has-text-color has-background\" style=\"background-color:#f0f0f0;margin-top:var(--wp--preset--spacing--60);margin-bottom:var(--wp--preset--spacing--60);grid-template-columns:auto 30%\" id=\"Aussenrenovierungen\"><div class=\"wp-block-media-text__content\">\n<p class=\"has-kenta-base-100-color has-text-color has-link-color wp-elements-c55a76c4c944e9971995c894892d44a2\" style=\"font-style:normal;font-weight:700\">Au\u00dfenrenovierungen<\/p>\n\n\n\n<p class=\"has-kenta-base-100-color has-text-color has-link-color wp-elements-653d7efd1fa2ee0d99a8886e48846cc7\">Unsere Au\u00dfenrenovierungen bieten Ihnen die M\u00f6glichkeit, Ihr Zuhause oder Ihre Gesch\u00e4ftsimmobilie mit einem frischen und ansprechenden Erscheinungsbild zu versehen. Wir sind spezialisiert auf die Renovierung von Fassaden, Balkonen und anderen \u00e4u\u00dferen Elementen. Mit unserer Erfahrung und unserem Engagement f\u00fcr Qualit\u00e4t sorgen wir daf\u00fcr, dass Ihre Renovierungsprojekte reibungslos und professionell durchgef\u00fchrt werden. Verlassen Sie sich auf uns f\u00fcr eine verbesserte \u00c4sthetik und Funktionalit\u00e4t Ihrer Immobilie.<\/p>\n<\/div><figure class=\"wp-block-media-text__media\"><img loading=\"lazy\" decoding=\"async\" width=\"1024\" height=\"768\" src=\"http:\/\/mb-meyer-bau.de\/Wordpress\/wp-content\/uploads\/2024\/07\/IMG_20191111_093215-1024x768.jpg\" alt=\"\" class=\"wp-image-102 size-full\" srcset=\"https:\/\/mb-meyer-bau.de\/Wordpress\/wp-content\/uploads\/2024\/07\/IMG_20191111_093215-1024x768.jpg 1024w, https:\/\/mb-meyer-bau.de\/Wordpress\/wp-content\/uploads\/2024\/07\/IMG_20191111_093215-300x225.jpg 300w, https:\/\/mb-meyer-bau.de\/Wordpress\/wp-content\/uploads\/2024\/07\/IMG_20191111_093215-768x576.jpg 768w, https:\/\/mb-meyer-bau.de\/Wordpress\/wp-content\/uploads\/2024\/07\/IMG_20191111_093215-1536x1152.jpg 1536w, https:\/\/mb-meyer-bau.de\/Wordpress\/wp-content\/uploads\/2024\/07\/IMG_20191111_093215-2048x1536.jpg 2048w\" sizes=\"auto, (max-width: 1024px) 100vw, 1024px\" \/><\/figure><\/div>\n\n\n\n<div class=\"wp-block-media-text has-media-on-the-right is-stacked-on-mobile has-kenta-base-100-color has-text-color has-background\" style=\"background-color:#f0f0f0;margin-top:var(--wp--preset--spacing--60);margin-bottom:var(--wp--preset--spacing--60);grid-template-columns:auto 25%\" id=\"Hausbau\"><div class=\"wp-block-media-text__content\">\n<p class=\"has-kenta-base-100-color has-text-color has-link-color wp-elements-63f940cc91ab786f35169bf848750b31\" style=\"font-style:normal;font-weight:700\">Hausbau<\/p>\n\n\n\n<p class=\"has-kenta-base-100-color has-text-color has-link-color wp-elements-a75405f8067424b4e3d106952064bc40\">Wir verwirklichen Ihren Traum vom Eigenheim mit ma\u00dfgeschneiderten L\u00f6sungen und erstklassigem Handwerk. Von der Planung \u00fcber die Bauphase bis zur Fertigstellung begleiten wir Sie zuverl\u00e4ssig und kompetent. Unser erfahrenes Team setzt auf hochwertige Materialien und moderne Bautechniken, um Ihre Visionen in ein dauerhaftes und stilvolles Zuhause zu verwandeln.<\/p>\n<\/div><figure class=\"wp-block-media-text__media\"><img loading=\"lazy\" decoding=\"async\" width=\"1024\" height=\"1024\" src=\"http:\/\/mb-meyer-bau.de\/Wordpress\/wp-content\/uploads\/2024\/07\/Hausbau-1.png\" alt=\"\" class=\"wp-image-32 size-full\" srcset=\"https:\/\/mb-meyer-bau.de\/Wordpress\/wp-content\/uploads\/2024\/07\/Hausbau-1.png 1024w, https:\/\/mb-meyer-bau.de\/Wordpress\/wp-content\/uploads\/2024\/07\/Hausbau-1-300x300.png 300w, https:\/\/mb-meyer-bau.de\/Wordpress\/wp-content\/uploads\/2024\/07\/Hausbau-1-150x150.png 150w, https:\/\/mb-meyer-bau.de\/Wordpress\/wp-content\/uploads\/2024\/07\/Hausbau-1-768x768.png 768w\" sizes=\"auto, (max-width: 1024px) 100vw, 1024px\" \/><\/figure><\/div>\n\n\n\n<div class=\"wp-block-media-text is-stacked-on-mobile has-kenta-base-100-color has-text-color has-background\" style=\"background-color:#f0f0f0;margin-top:var(--wp--preset--spacing--60);margin-bottom:var(--wp--preset--spacing--60);grid-template-columns:25% auto\" id=\"Hochbau\"><figure class=\"wp-block-media-text__media\"><img loading=\"lazy\" decoding=\"async\" width=\"1024\" height=\"1024\" src=\"http:\/\/mb-meyer-bau.de\/Wordpress\/wp-content\/uploads\/2024\/07\/Hochbau-1.png\" alt=\"\" class=\"wp-image-33 size-full\" srcset=\"https:\/\/mb-meyer-bau.de\/Wordpress\/wp-content\/uploads\/2024\/07\/Hochbau-1.png 1024w, https:\/\/mb-meyer-bau.de\/Wordpress\/wp-content\/uploads\/2024\/07\/Hochbau-1-300x300.png 300w, https:\/\/mb-meyer-bau.de\/Wordpress\/wp-content\/uploads\/2024\/07\/Hochbau-1-150x150.png 150w, https:\/\/mb-meyer-bau.de\/Wordpress\/wp-content\/uploads\/2024\/07\/Hochbau-1-768x768.png 768w\" sizes=\"auto, (max-width: 1024px) 100vw, 1024px\" \/><\/figure><div class=\"wp-block-media-text__content\">\n<p class=\"has-kenta-base-100-color has-text-color has-link-color wp-elements-a101e598094fe62d790e246538cbc7f5\" style=\"font-style:normal;font-weight:700\">Hochbau<\/p>\n\n\n\n<p class=\"has-kenta-base-100-color has-text-color has-link-color wp-elements-cc0068ec90308317bcd772aa191822f3\">Unser Team ist spezialisiert auf anspruchsvolle Hochbauprojekte, die h\u00f6chste Standards erf\u00fcllen. Wir bieten umfassende L\u00f6sungen f\u00fcr den Bau von Wohngeb\u00e4uden, B\u00fcrokomplexen und \u00f6ffentlichen Einrichtungen. Von der Planung \u00fcber die Bauphase bis zur Fertigstellung legen wir Wert auf Pr\u00e4zision, Qualit\u00e4t und Innovation. Mit unserer langj\u00e4hrigen Erfahrung und unserem Engagement f\u00fcr Exzellenz garantieren wir Ihnen robuste und \u00e4sthetisch ansprechende Bauwerke, die allen Anforderungen gerecht werden.<\/p>\n<\/div><\/div>\n\n\n\n<div class=\"wp-block-media-text has-media-on-the-right is-stacked-on-mobile has-kenta-base-100-color has-text-color has-background\" style=\"background-color:#f0f0f0;margin-top:var(--wp--preset--spacing--60);margin-bottom:var(--wp--preset--spacing--60);grid-template-columns:auto 27%\" id=\"Industriebau\"><div class=\"wp-block-media-text__content\">\n<p class=\"has-kenta-base-100-color has-text-color has-link-color wp-elements-1718f614018b75e12ea905ec71aad780\" style=\"font-style:normal;font-weight:700\">Industriebau<\/p>\n\n\n\n<p class=\"has-kenta-base-100-color has-text-color has-link-color wp-elements-fd03303dcb787736dd27ab840bdb51a4\">Wir bieten ma\u00dfgeschneiderte L\u00f6sungen f\u00fcr den Industriebau, die Funktionalit\u00e4t und Effizienz in den Vordergrund stellen. Unser erfahrenes Team plant und realisiert Projekte, die auf die spezifischen Anforderungen Ihrer Industrie zugeschnitten sind. Von der Konzeption bis zur Fertigstellung sorgen wir f\u00fcr termingerechte und hochwertige Ausf\u00fchrung, um optimale Arbeitsbedingungen und Betriebsabl\u00e4ufe zu gew\u00e4hrleisten.<\/p>\n<\/div><figure class=\"wp-block-media-text__media\"><img loading=\"lazy\" decoding=\"async\" width=\"1024\" height=\"768\" src=\"http:\/\/mb-meyer-bau.de\/Wordpress\/wp-content\/uploads\/2024\/08\/IMG_20240621_173740-1024x768.jpg\" alt=\"\" class=\"wp-image-110 size-full\" srcset=\"https:\/\/mb-meyer-bau.de\/Wordpress\/wp-content\/uploads\/2024\/08\/IMG_20240621_173740-1024x768.jpg 1024w, https:\/\/mb-meyer-bau.de\/Wordpress\/wp-content\/uploads\/2024\/08\/IMG_20240621_173740-300x225.jpg 300w, https:\/\/mb-meyer-bau.de\/Wordpress\/wp-content\/uploads\/2024\/08\/IMG_20240621_173740-768x576.jpg 768w, https:\/\/mb-meyer-bau.de\/Wordpress\/wp-content\/uploads\/2024\/08\/IMG_20240621_173740-1536x1152.jpg 1536w, https:\/\/mb-meyer-bau.de\/Wordpress\/wp-content\/uploads\/2024\/08\/IMG_20240621_173740-2048x1536.jpg 2048w\" sizes=\"auto, (max-width: 1024px) 100vw, 1024px\" \/><\/figure><\/div>\n","protected":false},"excerpt":{"rendered":"<p>Beton- und Stahlbetonarbeiten Unsere Beton- und Stahlbetonarbeiten stehen f\u00fcr h\u00f6chste Qualit\u00e4t und Zuverl\u00e4ssigkeit. Wir setzen auf moderne Techniken und erstklassige Materialien, um stabile und langlebige Bauwerke zu schaffen. Egal, ob es sich um Fundamente, W\u00e4nde, Decken oder andere tragende Strukturen handelt \u2013 unser erfahrenes Team sorgt f\u00fcr eine pr\u00e4zise Ausf\u00fchrung und eine termingerechte Fertigstellung. Vertrauen [&hellip;]<\/p>\n","protected":false},"author":1,"featured_media":0,"parent":0,"menu_order":0,"comment_status":"closed","ping_status":"closed","template":"","meta":{"site-container-style":"default","site-container-layout":"default","site-sidebar-layout":"default","site-transparent-header":"default","prose-style":"enable","disable-article-header":"default","disable-site-header":"default","disable-site-footer":"default","disable-content-area-spacing":"default","footnotes":""},"class_list":["post-54","page","type-page","status-publish","hentry"],"_links":{"self":[{"href":"https:\/\/mb-meyer-bau.de\/Wordpress\/wp-json\/wp\/v2\/pages\/54","targetHints":{"allow":["GET"]}}],"collection":[{"href":"https:\/\/mb-meyer-bau.de\/Wordpress\/wp-json\/wp\/v2\/pages"}],"about":[{"href":"https:\/\/mb-meyer-bau.de\/Wordpress\/wp-json\/wp\/v2\/types\/page"}],"author":[{"embeddable":true,"href":"https:\/\/mb-meyer-bau.de\/Wordpress\/wp-json\/wp\/v2\/users\/1"}],"replies":[{"embeddable":true,"href":"https:\/\/mb-meyer-bau.de\/Wordpress\/wp-json\/wp\/v2\/comments?post=54"}],"version-history":[{"count":24,"href":"https:\/\/mb-meyer-bau.de\/Wordpress\/wp-json\/wp\/v2\/pages\/54\/revisions"}],"predecessor-version":[{"id":118,"href":"https:\/\/mb-meyer-bau.de\/Wordpress\/wp-json\/wp\/v2\/pages\/54\/revisions\/118"}],"wp:attachment":[{"href":"https:\/\/mb-meyer-bau.de\/Wordpress\/wp-json\/wp\/v2\/media?parent=54"}],"curies":[{"name":"wp","href":"https:\/\/api.w.org\/{rel}","templated":true}]}}